{"id":8563,"date":"2018-11-05T16:49:55","date_gmt":"2018-11-05T16:49:55","guid":{"rendered":"https:\/\/old.fmc-gac.com\/?page_id=8563"},"modified":"2019-05-16T13:28:14","modified_gmt":"2019-05-16T13:28:14","slug":"agribouclier","status":"publish","type":"page","link":"https:\/\/old.fmc-gac.com\/fr\/agribouclier\/","title":{"rendered":"AgriBouclier"},"content":{"rendered":"[et_pb_section bb_built=\u00a0\u00bb1&Prime;][et_pb_row][et_pb_column type=\u00a0\u00bb4_4&Prime;][et_pb_text _builder_version=\u00a0\u00bb3.19.3&Prime;]\n<h3>AGRIBOUCLIER \u2013 PLATEFORME DE GESTION ET DE PLANIFICATION DES RISQUES<\/h3>\n<p><strong>Qu\u2019est-ce que c\u2019est, AgriBouclier?<\/strong><\/p>\n<p>AgriBouclier est une plateforme d\u2019\u00e9valuation et de gestion des risques pour les agriculteurs canadiens, d\u00e9velopp\u00e9e sous la tutelle de Gestion agricole du Canada. Il s\u2019agit de la premi\u00e8re plateforme canadienne qui offre une vision tous azimuts pour aider \u00e0 \u00e9valuer et \u00e0 g\u00e9rer les risques auxquels peut faire face une exploitation agricole.<\/p>\n<p><strong>AgriBouclier vous aidera \u00e0 :<\/strong><\/p>\n<ul>\n<li>Identifier, \u00e9valuer et prioriser vos risques d\u2019entreprise agricole<\/li>\n<li>Cr\u00e9er un plan d\u2019action de gestion des risques pour vous et votre \u00e9quipe<\/li>\n<li>Acc\u00e9der \u00e0 des ressources et des outils pour vous aider \u00e0 g\u00e9rer les risques<\/li>\n<\/ul>\n<p>AgriBouclier couvre 6 familles de risques, soit les ressources humaines, les finances, le march\u00e9, la gestion op\u00e9rationnelle, l\u2019environnement op\u00e9rationnel et la production, et les d\u00e9compose en 19 cat\u00e9gories de risques. Chacune de ces cat\u00e9gories de risque, y compris le bien \u00eatre personnel, la main d\u2019\u0153uvre salari\u00e9e, la gestion financi\u00e8re, l\u2019approvisionnement, la vente et le commerce, l\u2019environnement et le climat ainsi que la gestion des parasites et des maladies, est subdivis\u00e9e en sc\u00e9narios de risque, d\u00e9finies comme \u00e9tant des situations qui pourraient avoir comme r\u00e9sultat d\u2019exposer l\u2019entreprise \u00e0 un risque.<\/p>\n<p>Pour chaque sc\u00e9nario de risque, il y a une s\u00e9rie de pratiques exemplaires de gestion qui d\u00e9termineront le niveau de pr\u00e9paration pour g\u00e9rer le risque en question et qui aideront \u00e0 identifier des opportunit\u00e9s pour am\u00e9liorer la gestion de ce risque.<\/p>\n<p>Les utilisateurs de la plateforme ont le choix d\u2019effectuer une \u00e9valuation des risques ou de tout simplement acc\u00e9der \u00e0 des ressources et des outils pour aider \u00e0 g\u00e9rer les risques. Parmi ces ressources figurent un \u00e9ventail d\u2019options, allant des programmes gouvernementaux aux outils de l\u2019industrie, en passant par les processus et les proc\u00e9dures \u00e0 suivre pour adopter une approche proactive \u00e0 l\u2019\u00e9gard de la gestion des risques.<\/p>\n<p>La cat\u00e9gorisation et l\u2019\u00e9valuation des risques repr\u00e9sentent non seulement un outil pour les agriculteurs et les fournisseurs de services, mais aussi une plateforme permettant de mener une analyse compl\u00e8te des risques touchant le secteur dans le cadre de l\u2019examen des programmes de gestion des risques de l\u2019entreprise.<\/p>\n<p><strong>Profil de risque<\/strong><\/p>\n<p><img loading=\"lazy\" decoding=\"async\" class=\"alignleft wp-image-8680 size-full\" src=\"https:\/\/old.fmc-gac.com\/wp\/wp-content\/uploads\/2018\/11\/Profil-de-risque-1.png\" alt=\"\" width=\"1220\" height=\"917\" srcset=\"https:\/\/old.fmc-gac.com\/wp-content\/uploads\/2018\/11\/Profil-de-risque-1.png 1220w, https:\/\/old.fmc-gac.com\/wp-content\/uploads\/2018\/11\/Profil-de-risque-1-300x225.png 300w, https:\/\/old.fmc-gac.com\/wp-content\/uploads\/2018\/11\/Profil-de-risque-1-768x577.png 768w, https:\/\/old.fmc-gac.com\/wp-content\/uploads\/2018\/11\/Profil-de-risque-1-1024x770.png 1024w, https:\/\/old.fmc-gac.com\/wp-content\/uploads\/2018\/11\/Profil-de-risque-1-510x382.png 510w, https:\/\/old.fmc-gac.com\/wp-content\/uploads\/2018\/11\/Profil-de-risque-1-1080x812.png 1080w\" sizes=\"(max-width: 1220px) 100vw, 1220px\" \/><\/p>\n<p>\u00a0<\/p>\n<p>Les utilisateurs ne sont pas dans l\u2019obligation d\u2019\u00e9valuer toutes les cat\u00e9gories de risques pour pouvoir analyser les r\u00e9sultats ou pour cr\u00e9er un plan d\u2019action.<\/p>\n<p>La plateforme AgriBouclier contient une section \u00ab \u00c0 propos de la gestion du risque \u00bb qui offre de l\u2019information g\u00e9n\u00e9rale suppl\u00e9mentaire au sujet de : ce qu\u2019est le risque, une auto-\u00e9valuation de sa tol\u00e9rance au risque, les diff\u00e9rentes approches \u00e0 la gestion du risque, et de l\u2019information au sujet des diff\u00e9rent types d\u2019assurances.<\/p>\n<p>AgriBouclier peut \u00eatre utilis\u00e9 par toutes les entreprises agricoles, peu importe sa taille, sa production ou son emplacement g\u00e9ographique.<\/p>\n<p><strong>O\u00f9 commencer?<\/strong><br \/>L\u2019acc\u00e8s complet \u00e0 AgriBouclier est disponible pour des frais annuels de 149$. <a href=\"http:\/\/www.agribouclier.ca\" target=\"_blank\" rel=\"noopener\">Cliquez ici<\/a> pour acc\u00e9der \u00e0 la plateforme AgriShield.<\/p>\n[\/et_pb_text][\/et_pb_column][\/et_pb_row][\/et_pb_section]\n","protected":false},"excerpt":{"rendered":"<p>[et_pb_section bb_built=\u00a0\u00bb1&Prime;][et_pb_row][et_pb_column type=\u00a0\u00bb4_4&Prime;][et_pb_text _builder_version=\u00a0\u00bb3.19.3&Prime;] AGRIBOUCLIER \u2013 PLATEFORME DE GESTION ET DE PLANIFICATION DES RISQUES Qu\u2019est-ce que c\u2019est, AgriBouclier? AgriBouclier est une plateforme d\u2019\u00e9valuation et de gestion des risques pour les agriculteurs canadiens, d\u00e9velopp\u00e9e sous la tutelle de Gestion agricole du Canada. Il s\u2019agit de la premi\u00e8re plateforme canadienne qui offre une vision tous azimuts pour [&hellip;]<\/p>\n","protected":false},"author":3,"featured_media":0,"parent":0,"menu_order":0,"comment_status":"closed","ping_status":"closed","template":"","meta":{"_acf_changed":false,"_et_pb_use_builder":"on","_et_pb_old_content":"","_tribe_blocks_recurrence_rules":"","_tribe_blocks_recurrence_exclusions":"","_tribe_blocks_recurrence_description":"","footnotes":""},"class_list":["post-8563","page","type-page","status-publish","hentry"],"acf":[],"yoast_head":"<!-- This site is optimized with the Yoast SEO plugin v23.8 - https:\/\/yoast.com\/wordpress\/plugins\/seo\/ -->\n<title>AgriBouclier - Farm Management Canada<\/title>\n<meta name=\"robots\" content=\"noindex, follow, max-snippet:-1, max-image-preview:large, max-video-preview:-1\" \/>\n<meta property=\"og:locale\" content=\"fr_FR\" \/>\n<meta property=\"og:type\" content=\"article\" \/>\n<meta property=\"og:title\" content=\"AgriBouclier - Farm Management Canada\" \/>\n<meta property=\"og:description\" content=\"[et_pb_section bb_built=\u00a0\u00bb1&Prime;][et_pb_row][et_pb_column type=\u00a0\u00bb4_4&Prime;][et_pb_text _builder_version=\u00a0\u00bb3.19.3&Prime;] AGRIBOUCLIER \u2013 PLATEFORME DE GESTION ET DE PLANIFICATION DES RISQUES Qu\u2019est-ce que c\u2019est, AgriBouclier? AgriBouclier est une plateforme d\u2019\u00e9valuation et de gestion des risques pour les agriculteurs canadiens, d\u00e9velopp\u00e9e sous la tutelle de Gestion agricole du Canada. Il s\u2019agit de la premi\u00e8re plateforme canadienne qui offre une vision tous azimuts pour [&hellip;]\" \/>\n<meta property=\"og:url\" content=\"https:\/\/old.fmc-gac.com\/fr\/agribouclier\/\" \/>\n<meta property=\"og:site_name\" content=\"Farm Management Canada\" \/>\n<meta property=\"article:publisher\" content=\"https:\/\/www.facebook.com\/fmc.gac\/\" \/>\n<meta property=\"article:modified_time\" content=\"2019-05-16T13:28:14+00:00\" \/>\n<meta property=\"og:image\" content=\"https:\/\/old.fmc-gac.com\/wp-content\/uploads\/2018\/11\/Profil-de-risque-1.png\" \/>\n\t<meta property=\"og:image:width\" content=\"1220\" \/>\n\t<meta property=\"og:image:height\" content=\"917\" \/>\n\t<meta property=\"og:image:type\" content=\"image\/png\" \/>\n<meta name=\"twitter:card\" content=\"summary_large_image\" \/>\n<meta name=\"twitter:site\" content=\"@FMC_GAC\" \/>\n<meta name=\"twitter:label1\" content=\"Dur\u00e9e de lecture estim\u00e9e\" \/>\n\t<meta name=\"twitter:data1\" content=\"3 minutes\" \/>\n<script type=\"application\/ld+json\" class=\"yoast-schema-graph\">{\"@context\":\"https:\/\/schema.org\",\"@graph\":[{\"@type\":\"WebPage\",\"@id\":\"https:\/\/old.fmc-gac.com\/fr\/agribouclier\/\",\"url\":\"https:\/\/old.fmc-gac.com\/fr\/agribouclier\/\",\"name\":\"AgriBouclier - Farm Management Canada\",\"isPartOf\":{\"@id\":\"https:\/\/old.fmc-gac.com\/#website\"},\"primaryImageOfPage\":{\"@id\":\"https:\/\/old.fmc-gac.com\/fr\/agribouclier\/#primaryimage\"},\"image\":{\"@id\":\"https:\/\/old.fmc-gac.com\/fr\/agribouclier\/#primaryimage\"},\"thumbnailUrl\":\"https:\/\/old.fmc-gac.com\/wp\/wp-content\/uploads\/2018\/11\/Profil-de-risque-1.png\",\"datePublished\":\"2018-11-05T16:49:55+00:00\",\"dateModified\":\"2019-05-16T13:28:14+00:00\",\"breadcrumb\":{\"@id\":\"https:\/\/old.fmc-gac.com\/fr\/agribouclier\/#breadcrumb\"},\"inLanguage\":\"fr-FR\",\"potentialAction\":[{\"@type\":\"ReadAction\",\"target\":[\"https:\/\/old.fmc-gac.com\/fr\/agribouclier\/\"]}]},{\"@type\":\"ImageObject\",\"inLanguage\":\"fr-FR\",\"@id\":\"https:\/\/old.fmc-gac.com\/fr\/agribouclier\/#primaryimage\",\"url\":\"https:\/\/old.fmc-gac.com\/wp\/wp-content\/uploads\/2018\/11\/Profil-de-risque-1.png\",\"contentUrl\":\"https:\/\/old.fmc-gac.com\/wp\/wp-content\/uploads\/2018\/11\/Profil-de-risque-1.png\"},{\"@type\":\"BreadcrumbList\",\"@id\":\"https:\/\/old.fmc-gac.com\/fr\/agribouclier\/#breadcrumb\",\"itemListElement\":[{\"@type\":\"ListItem\",\"position\":1,\"name\":\"Home\",\"item\":\"https:\/\/old.fmc-gac.com\/fr\/\"},{\"@type\":\"ListItem\",\"position\":2,\"name\":\"AgriBouclier\"}]},{\"@type\":\"WebSite\",\"@id\":\"https:\/\/old.fmc-gac.com\/#website\",\"url\":\"https:\/\/old.fmc-gac.com\/\",\"name\":\"Farm Management Canada\",\"description\":\"\",\"potentialAction\":[{\"@type\":\"SearchAction\",\"target\":{\"@type\":\"EntryPoint\",\"urlTemplate\":\"https:\/\/old.fmc-gac.com\/?s={search_term_string}\"},\"query-input\":{\"@type\":\"PropertyValueSpecification\",\"valueRequired\":true,\"valueName\":\"search_term_string\"}}],\"inLanguage\":\"fr-FR\"}]}<\/script>\n<!-- \/ Yoast SEO plugin. -->","yoast_head_json":{"title":"AgriBouclier - Farm Management Canada","robots":{"index":"noindex","follow":"follow","max-snippet":"max-snippet:-1","max-image-preview":"max-image-preview:large","max-video-preview":"max-video-preview:-1"},"og_locale":"fr_FR","og_type":"article","og_title":"AgriBouclier - Farm Management Canada","og_description":"[et_pb_section bb_built=\u00a0\u00bb1&Prime;][et_pb_row][et_pb_column type=\u00a0\u00bb4_4&Prime;][et_pb_text _builder_version=\u00a0\u00bb3.19.3&Prime;] AGRIBOUCLIER \u2013 PLATEFORME DE GESTION ET DE PLANIFICATION DES RISQUES Qu\u2019est-ce que c\u2019est, AgriBouclier? AgriBouclier est une plateforme d\u2019\u00e9valuation et de gestion des risques pour les agriculteurs canadiens, d\u00e9velopp\u00e9e sous la tutelle de Gestion agricole du Canada. Il s\u2019agit de la premi\u00e8re plateforme canadienne qui offre une vision tous azimuts pour [&hellip;]","og_url":"https:\/\/old.fmc-gac.com\/fr\/agribouclier\/","og_site_name":"Farm Management Canada","article_publisher":"https:\/\/www.facebook.com\/fmc.gac\/","article_modified_time":"2019-05-16T13:28:14+00:00","og_image":[{"width":1220,"height":917,"url":"https:\/\/old.fmc-gac.com\/wp-content\/uploads\/2018\/11\/Profil-de-risque-1.png","type":"image\/png"}],"twitter_card":"summary_large_image","twitter_site":"@FMC_GAC","twitter_misc":{"Dur\u00e9e de lecture estim\u00e9e":"3 minutes"},"schema":{"@context":"https:\/\/schema.org","@graph":[{"@type":"WebPage","@id":"https:\/\/old.fmc-gac.com\/fr\/agribouclier\/","url":"https:\/\/old.fmc-gac.com\/fr\/agribouclier\/","name":"AgriBouclier - Farm Management Canada","isPartOf":{"@id":"https:\/\/old.fmc-gac.com\/#website"},"primaryImageOfPage":{"@id":"https:\/\/old.fmc-gac.com\/fr\/agribouclier\/#primaryimage"},"image":{"@id":"https:\/\/old.fmc-gac.com\/fr\/agribouclier\/#primaryimage"},"thumbnailUrl":"https:\/\/old.fmc-gac.com\/wp\/wp-content\/uploads\/2018\/11\/Profil-de-risque-1.png","datePublished":"2018-11-05T16:49:55+00:00","dateModified":"2019-05-16T13:28:14+00:00","breadcrumb":{"@id":"https:\/\/old.fmc-gac.com\/fr\/agribouclier\/#breadcrumb"},"inLanguage":"fr-FR","potentialAction":[{"@type":"ReadAction","target":["https:\/\/old.fmc-gac.com\/fr\/agribouclier\/"]}]},{"@type":"ImageObject","inLanguage":"fr-FR","@id":"https:\/\/old.fmc-gac.com\/fr\/agribouclier\/#primaryimage","url":"https:\/\/old.fmc-gac.com\/wp\/wp-content\/uploads\/2018\/11\/Profil-de-risque-1.png","contentUrl":"https:\/\/old.fmc-gac.com\/wp\/wp-content\/uploads\/2018\/11\/Profil-de-risque-1.png"},{"@type":"BreadcrumbList","@id":"https:\/\/old.fmc-gac.com\/fr\/agribouclier\/#breadcrumb","itemListElement":[{"@type":"ListItem","position":1,"name":"Home","item":"https:\/\/old.fmc-gac.com\/fr\/"},{"@type":"ListItem","position":2,"name":"AgriBouclier"}]},{"@type":"WebSite","@id":"https:\/\/old.fmc-gac.com\/#website","url":"https:\/\/old.fmc-gac.com\/","name":"Farm Management Canada","description":"","potentialAction":[{"@type":"SearchAction","target":{"@type":"EntryPoint","urlTemplate":"https:\/\/old.fmc-gac.com\/?s={search_term_string}"},"query-input":{"@type":"PropertyValueSpecification","valueRequired":true,"valueName":"search_term_string"}}],"inLanguage":"fr-FR"}]}},"_links":{"self":[{"href":"https:\/\/old.fmc-gac.com\/fr\/wp-json\/wp\/v2\/pages\/8563\/"}],"collection":[{"href":"https:\/\/old.fmc-gac.com\/fr\/wp-json\/wp\/v2\/pages\/"}],"about":[{"href":"https:\/\/old.fmc-gac.com\/fr\/wp-json\/wp\/v2\/types\/page\/"}],"author":[{"embeddable":true,"href":"https:\/\/old.fmc-gac.com\/fr\/wp-json\/wp\/v2\/users\/3\/"}],"replies":[{"embeddable":true,"href":"https:\/\/old.fmc-gac.com\/fr\/wp-json\/wp\/v2\/comments\/?post=8563"}],"version-history":[{"count":13,"href":"https:\/\/old.fmc-gac.com\/fr\/wp-json\/wp\/v2\/pages\/8563\/revisions\/"}],"predecessor-version":[{"id":9965,"href":"https:\/\/old.fmc-gac.com\/fr\/wp-json\/wp\/v2\/pages\/8563\/revisions\/9965\/"}],"wp:attachment":[{"href":"https:\/\/old.fmc-gac.com\/fr\/wp-json\/wp\/v2\/media\/?parent=8563"}],"curies":[{"name":"wp","href":"https:\/\/api.w.org\/{rel}","templated":true}]}}