{"id":12030,"date":"2020-05-25T20:01:02","date_gmt":"2020-05-25T20:01:02","guid":{"rendered":"https:\/\/old.fmc-gac.com\/programme-semer-lexcellence-a-lintention-des-etudiants\/"},"modified":"2020-07-16T17:03:35","modified_gmt":"2020-07-16T17:03:35","slug":"semer-lexcellence","status":"publish","type":"page","link":"https:\/\/old.fmc-gac.com\/fr\/semer-lexcellence\/","title":{"rendered":"Programme Semer l\u2019excellence \u00e0 l\u2019intention des \u00e9tudiants"},"content":{"rendered":"[et_pb_section bb_built=\u00a0\u00bb1&Prime;][et_pb_row][et_pb_column type=\u00a0\u00bb4_4&Prime;][et_pb_text _builder_version=\u00a0\u00bb3.19.3&Prime;]\n<p><img loading=\"lazy\" decoding=\"async\" class=\"alignleft wp-image-12036 size-medium\" src=\"https:\/\/old.fmc-gac.com\/wp\/wp-content\/uploads\/2020\/05\/Semer-lexcellence-horizontal-haut-300x200.png\" alt=\"\" width=\"300\" height=\"200\" srcset=\"https:\/\/old.fmc-gac.com\/wp-content\/uploads\/2020\/05\/Semer-lexcellence-horizontal-haut-300x200.png 300w, https:\/\/old.fmc-gac.com\/wp-content\/uploads\/2020\/05\/Semer-lexcellence-horizontal-haut-768x513.png 768w, https:\/\/old.fmc-gac.com\/wp-content\/uploads\/2020\/05\/Semer-lexcellence-horizontal-haut-1024x683.png 1024w, https:\/\/old.fmc-gac.com\/wp-content\/uploads\/2020\/05\/Semer-lexcellence-horizontal-haut-1080x721.png 1080w, https:\/\/old.fmc-gac.com\/wp-content\/uploads\/2020\/05\/Semer-lexcellence-horizontal-haut.png 1819w\" sizes=\"(max-width: 300px) 100vw, 300px\" \/>Gestion agricole du Canada a cr\u00e9\u00e9 un nouveau programme \u00e0 l\u2019intention des \u00e9tudiants afin de leur offrir une commandite pour leur permettre de participer \u00e0 l\u2019\u00e9dition annuelle de la <a href=\"https:\/\/old.fmc-gac.com\/fr\/programs-services\/agricultural-excellence-conference\/\">Conf\u00e9rence sur l\u2019excellence en agriculture<\/a> (AgEx), qui aura lieu du 15 au 17 d\u00e9cembre 2020. En effet, le programme Semer l\u2019excellence vise \u00e0 appuyer la prochaine g\u00e9n\u00e9ration de jeunes agriculteurs en commanditant la participation d\u2019un \u00e9tudiant (ou de plusieurs \u00e9tudiants) de niveau coll\u00e9gial ou universitaire \u00e0 la Conf\u00e9rence sur l\u2019excellence en agriculture! Cet \u00e9tudiant peut provenir d\u2019une multitude de domaines ou de programmes d\u2019\u00e9tudes, soit ceux de l\u2019agriculture, de la technologie ou des affaires.<\/p>\n<p>L\u2019AgEx vise avant tout \u00e0 appuyer les principes et les pratiques cl\u00e9s en mati\u00e8re de gestion d\u2019entreprise agricole; on y invite ainsi les agriculteurs de toutes les r\u00e9gions et de tous les secteurs de production qui souhaitent \u00e9changer des id\u00e9es et acqu\u00e9rir des connaissances sur les pratiques de gestion b\u00e9n\u00e9fiques aupr\u00e8s d\u2019experts de l\u2019industrie.<\/p>\n<p>Votre commandite d\u2019un \u00e9tudiant comprend ce qui suit :<\/p>\n<ul>\n<li>la pr\u00e9sence du logo de votre entreprise sur le mat\u00e9riel promotionnel de la Conf\u00e9rence, y compris sur notre site Web officiel, sur la page du programme pour les \u00e9tudiants et sur les sites des m\u00e9dias sociaux, et ce, avant, pendant et apr\u00e8s l\u2019\u00e9v\u00e9nement;<\/li>\n<li>l\u2019occasion d\u2019ajouter un objet promotionnel de votre entreprise dans la trousse des d\u00e9l\u00e9gu\u00e9s de la Conf\u00e9rence;<\/li>\n<li>l\u2019occasion pour l\u2019\u00e9tudiant de faire part de son exp\u00e9rience \u00e0 vos intervenants.<\/li>\n<\/ul>\n<h4>\u00a0<\/h4>\n<h4 style=\"text-align: center;\">Le co\u00fbt de la commandite d\u2019un \u00e9tudiant n\u2019est que de 750 $; nous vous invitons donc \u00e0 montrer votre appui \u00e0 la prochaine g\u00e9n\u00e9ration d\u2019agriculteurs.<\/h4>\n<p>\u00a0<\/p>\n<p><img loading=\"lazy\" decoding=\"async\" class=\"wp-image-12005 alignright\" src=\"https:\/\/old.fmc-gac.com\/wp\/wp-content\/uploads\/2020\/05\/High-Res.Entrance-300x213.jpg\" alt=\"\" width=\"233\" height=\"165\" srcset=\"https:\/\/old.fmc-gac.com\/wp-content\/uploads\/2020\/05\/High-Res.Entrance-300x213.jpg 300w, https:\/\/old.fmc-gac.com\/wp-content\/uploads\/2020\/05\/High-Res.Entrance-768x545.jpg 768w, https:\/\/old.fmc-gac.com\/wp-content\/uploads\/2020\/05\/High-Res.Entrance-1024x727.jpg 1024w, https:\/\/old.fmc-gac.com\/wp-content\/uploads\/2020\/05\/High-Res.Entrance-400x284.jpg 400w, https:\/\/old.fmc-gac.com\/wp-content\/uploads\/2020\/05\/High-Res.Entrance-1080x766.jpg 1080w\" sizes=\"(max-width: 233px) 100vw, 233px\" \/>Nos d\u00e9l\u00e9gu\u00e9s sont vos coll\u00e8gues, employeurs et partenaires de demain. En tant que pr\u00e9cieux collaborateur aux d\u00e9marches visant la r\u00e9ussite agricole du Canada, profitez de cette occasion unique pour cro\u00eetre en tant que pilier de l\u2019avenir de l\u2019agriculture.<\/p>\n<p><a href=\"https:\/\/old.fmc-gac.com\/wp\/wp-content\/uploads\/2020\/05\/Semer-lexcellence-fiche-dinfo-pour-les-organismes.pdf\">Cliquez ici<\/a> pour acc\u00e9der \u00e0 la fiche d&rsquo;informations sur le programme.<\/p>\n<p>\u00a0<\/p>\n<p>\u00a0<\/p>\n<p>\u00a0<\/p>\n<p style=\"text-align: center;\"><strong>Communiquez avec nous d\u00e8s aujourd\u2019hui!<\/strong><br \/><strong>613-237-9060 ou sans-frais le 1-888-232-3262mathieu<\/strong><strong>(\u00e0)old.fmc-gac.com | <a href=\"http:\/\/www.FMC-GAC.com\/fr\">www.FMC-GAC.com<\/a><\/strong><\/p>\n<h5>\u00a0<\/h5>\n<h5 style=\"text-align: center;\"><em>Cultiver l\u2019excellence dans la gestion d\u2019entreprise agricole.<\/em><\/h5>\n[\/et_pb_text][\/et_pb_column][\/et_pb_row][et_pb_row][et_pb_column type=\u00a0\u00bb4_4&Prime;][et_pb_text _builder_version=\u00a0\u00bb3.19.3&Prime;]\n<h3 style=\"text-align: center;\">Commanditaires<\/h3>\n[\/et_pb_text][\/et_pb_column][\/et_pb_row][et_pb_row][et_pb_column type=\u00a0\u00bb1_3&Prime;][et_pb_image _builder_version=\u00a0\u00bb3.19.3&Prime; src=\u00a0\u00bbhttps:\/\/old.fmc-gac.com\/wp\/wp-content\/uploads\/2020\/04\/ABBeefProducers-4C.jpg\u00a0\u00bb url=\u00a0\u00bbhttps:\/\/www.albertabeef.org\/\u00a0\u00bb url_new_window=\u00a0\u00bbon\u00a0\u00bb \/][\/et_pb_column][et_pb_column type=\u00a0\u00bb1_3&Prime;][\/et_pb_column][et_pb_column type=\u00a0\u00bb1_3&Prime;][et_pb_image _builder_version=\u00a0\u00bb3.19.3&Prime; src=\u00a0\u00bbhttps:\/\/old.fmc-gac.com\/wp\/wp-content\/uploads\/2020\/06\/Farmacist.png\u00a0\u00bb url=\u00a0\u00bbhttps:\/\/www.regshandro.com\/\u00a0\u00bb url_new_window=\u00a0\u00bbon\u00a0\u00bb \/][\/et_pb_column][\/et_pb_row][\/et_pb_section]\n","protected":false},"excerpt":{"rendered":"<p>[et_pb_section bb_built=\u00a0\u00bb1&Prime;][et_pb_row][et_pb_column type=\u00a0\u00bb4_4&Prime;][et_pb_text _builder_version=\u00a0\u00bb3.19.3&Prime;] Gestion agricole du Canada a cr\u00e9\u00e9 un nouveau programme \u00e0 l\u2019intention des \u00e9tudiants afin de leur offrir une commandite pour leur permettre de participer \u00e0 l\u2019\u00e9dition annuelle de la Conf\u00e9rence sur l\u2019excellence en agriculture (AgEx), qui aura lieu du 15 au 17 d\u00e9cembre 2020. En effet, le programme Semer l\u2019excellence vise [&hellip;]<\/p>\n","protected":false},"author":6,"featured_media":0,"parent":0,"menu_order":0,"comment_status":"closed","ping_status":"closed","template":"","meta":{"_acf_changed":false,"_et_pb_use_builder":"on","_et_pb_old_content":"","_tribe_blocks_recurrence_rules":"","_tribe_blocks_recurrence_exclusions":"","_tribe_blocks_recurrence_description":"","footnotes":""},"class_list":["post-12030","page","type-page","status-publish","hentry"],"acf":[],"yoast_head":"<!-- This site is optimized with the Yoast SEO plugin v23.8 - https:\/\/yoast.com\/wordpress\/plugins\/seo\/ -->\n<title>Programme Semer l\u2019excellence \u00e0 l\u2019intention des \u00e9tudiants - Farm Management Canada<\/title>\n<meta name=\"robots\" content=\"noindex, follow, max-snippet:-1, max-image-preview:large, max-video-preview:-1\" \/>\n<meta property=\"og:locale\" content=\"fr_FR\" \/>\n<meta property=\"og:type\" content=\"article\" \/>\n<meta property=\"og:title\" content=\"Programme Semer l\u2019excellence \u00e0 l\u2019intention des \u00e9tudiants - Farm Management Canada\" \/>\n<meta property=\"og:description\" content=\"[et_pb_section bb_built=\u00a0\u00bb1&Prime;][et_pb_row][et_pb_column type=\u00a0\u00bb4_4&Prime;][et_pb_text _builder_version=\u00a0\u00bb3.19.3&Prime;] Gestion agricole du Canada a cr\u00e9\u00e9 un nouveau programme \u00e0 l\u2019intention des \u00e9tudiants afin de leur offrir une commandite pour leur permettre de participer \u00e0 l\u2019\u00e9dition annuelle de la Conf\u00e9rence sur l\u2019excellence en agriculture (AgEx), qui aura lieu du 15 au 17 d\u00e9cembre 2020. En effet, le programme Semer l\u2019excellence vise [&hellip;]\" \/>\n<meta property=\"og:url\" content=\"https:\/\/old.fmc-gac.com\/fr\/semer-lexcellence\/\" \/>\n<meta property=\"og:site_name\" content=\"Farm Management Canada\" \/>\n<meta property=\"article:publisher\" content=\"https:\/\/www.facebook.com\/fmc.gac\/\" \/>\n<meta property=\"article:modified_time\" content=\"2020-07-16T17:03:35+00:00\" \/>\n<meta property=\"og:image\" content=\"https:\/\/old.fmc-gac.com\/wp-content\/uploads\/2020\/05\/Semer-lexcellence-horizontal-haut.png\" \/>\n\t<meta property=\"og:image:width\" content=\"1819\" \/>\n\t<meta property=\"og:image:height\" content=\"1214\" \/>\n\t<meta property=\"og:image:type\" content=\"image\/png\" \/>\n<meta name=\"twitter:card\" content=\"summary_large_image\" \/>\n<meta name=\"twitter:site\" content=\"@FMC_GAC\" \/>\n<meta name=\"twitter:label1\" content=\"Dur\u00e9e de lecture estim\u00e9e\" \/>\n\t<meta name=\"twitter:data1\" content=\"3 minutes\" \/>\n<script type=\"application\/ld+json\" class=\"yoast-schema-graph\">{\"@context\":\"https:\/\/schema.org\",\"@graph\":[{\"@type\":\"WebPage\",\"@id\":\"https:\/\/old.fmc-gac.com\/fr\/semer-lexcellence\/\",\"url\":\"https:\/\/old.fmc-gac.com\/fr\/semer-lexcellence\/\",\"name\":\"Programme Semer l\u2019excellence \u00e0 l\u2019intention des \u00e9tudiants - Farm Management Canada\",\"isPartOf\":{\"@id\":\"https:\/\/old.fmc-gac.com\/#website\"},\"primaryImageOfPage\":{\"@id\":\"https:\/\/old.fmc-gac.com\/fr\/semer-lexcellence\/#primaryimage\"},\"image\":{\"@id\":\"https:\/\/old.fmc-gac.com\/fr\/semer-lexcellence\/#primaryimage\"},\"thumbnailUrl\":\"https:\/\/old.fmc-gac.com\/wp\/wp-content\/uploads\/2020\/05\/Semer-lexcellence-horizontal-haut-300x200.png\",\"datePublished\":\"2020-05-25T20:01:02+00:00\",\"dateModified\":\"2020-07-16T17:03:35+00:00\",\"breadcrumb\":{\"@id\":\"https:\/\/old.fmc-gac.com\/fr\/semer-lexcellence\/#breadcrumb\"},\"inLanguage\":\"fr-FR\",\"potentialAction\":[{\"@type\":\"ReadAction\",\"target\":[\"https:\/\/old.fmc-gac.com\/fr\/semer-lexcellence\/\"]}]},{\"@type\":\"ImageObject\",\"inLanguage\":\"fr-FR\",\"@id\":\"https:\/\/old.fmc-gac.com\/fr\/semer-lexcellence\/#primaryimage\",\"url\":\"https:\/\/old.fmc-gac.com\/wp\/wp-content\/uploads\/2020\/05\/Semer-lexcellence-horizontal-haut-300x200.png\",\"contentUrl\":\"https:\/\/old.fmc-gac.com\/wp\/wp-content\/uploads\/2020\/05\/Semer-lexcellence-horizontal-haut-300x200.png\"},{\"@type\":\"BreadcrumbList\",\"@id\":\"https:\/\/old.fmc-gac.com\/fr\/semer-lexcellence\/#breadcrumb\",\"itemListElement\":[{\"@type\":\"ListItem\",\"position\":1,\"name\":\"Home\",\"item\":\"https:\/\/old.fmc-gac.com\/fr\/\"},{\"@type\":\"ListItem\",\"position\":2,\"name\":\"Programme Semer l\u2019excellence \u00e0 l\u2019intention des \u00e9tudiants\"}]},{\"@type\":\"WebSite\",\"@id\":\"https:\/\/old.fmc-gac.com\/#website\",\"url\":\"https:\/\/old.fmc-gac.com\/\",\"name\":\"Farm Management Canada\",\"description\":\"\",\"potentialAction\":[{\"@type\":\"SearchAction\",\"target\":{\"@type\":\"EntryPoint\",\"urlTemplate\":\"https:\/\/old.fmc-gac.com\/?s={search_term_string}\"},\"query-input\":{\"@type\":\"PropertyValueSpecification\",\"valueRequired\":true,\"valueName\":\"search_term_string\"}}],\"inLanguage\":\"fr-FR\"}]}<\/script>\n<!-- \/ Yoast SEO plugin. -->","yoast_head_json":{"title":"Programme Semer l\u2019excellence \u00e0 l\u2019intention des \u00e9tudiants - Farm Management Canada","robots":{"index":"noindex","follow":"follow","max-snippet":"max-snippet:-1","max-image-preview":"max-image-preview:large","max-video-preview":"max-video-preview:-1"},"og_locale":"fr_FR","og_type":"article","og_title":"Programme Semer l\u2019excellence \u00e0 l\u2019intention des \u00e9tudiants - Farm Management Canada","og_description":"[et_pb_section bb_built=\u00a0\u00bb1&Prime;][et_pb_row][et_pb_column type=\u00a0\u00bb4_4&Prime;][et_pb_text _builder_version=\u00a0\u00bb3.19.3&Prime;] Gestion agricole du Canada a cr\u00e9\u00e9 un nouveau programme \u00e0 l\u2019intention des \u00e9tudiants afin de leur offrir une commandite pour leur permettre de participer \u00e0 l\u2019\u00e9dition annuelle de la Conf\u00e9rence sur l\u2019excellence en agriculture (AgEx), qui aura lieu du 15 au 17 d\u00e9cembre 2020. En effet, le programme Semer l\u2019excellence vise [&hellip;]","og_url":"https:\/\/old.fmc-gac.com\/fr\/semer-lexcellence\/","og_site_name":"Farm Management Canada","article_publisher":"https:\/\/www.facebook.com\/fmc.gac\/","article_modified_time":"2020-07-16T17:03:35+00:00","og_image":[{"width":1819,"height":1214,"url":"https:\/\/old.fmc-gac.com\/wp-content\/uploads\/2020\/05\/Semer-lexcellence-horizontal-haut.png","type":"image\/png"}],"twitter_card":"summary_large_image","twitter_site":"@FMC_GAC","twitter_misc":{"Dur\u00e9e de lecture estim\u00e9e":"3 minutes"},"schema":{"@context":"https:\/\/schema.org","@graph":[{"@type":"WebPage","@id":"https:\/\/old.fmc-gac.com\/fr\/semer-lexcellence\/","url":"https:\/\/old.fmc-gac.com\/fr\/semer-lexcellence\/","name":"Programme Semer l\u2019excellence \u00e0 l\u2019intention des \u00e9tudiants - Farm Management Canada","isPartOf":{"@id":"https:\/\/old.fmc-gac.com\/#website"},"primaryImageOfPage":{"@id":"https:\/\/old.fmc-gac.com\/fr\/semer-lexcellence\/#primaryimage"},"image":{"@id":"https:\/\/old.fmc-gac.com\/fr\/semer-lexcellence\/#primaryimage"},"thumbnailUrl":"https:\/\/old.fmc-gac.com\/wp\/wp-content\/uploads\/2020\/05\/Semer-lexcellence-horizontal-haut-300x200.png","datePublished":"2020-05-25T20:01:02+00:00","dateModified":"2020-07-16T17:03:35+00:00","breadcrumb":{"@id":"https:\/\/old.fmc-gac.com\/fr\/semer-lexcellence\/#breadcrumb"},"inLanguage":"fr-FR","potentialAction":[{"@type":"ReadAction","target":["https:\/\/old.fmc-gac.com\/fr\/semer-lexcellence\/"]}]},{"@type":"ImageObject","inLanguage":"fr-FR","@id":"https:\/\/old.fmc-gac.com\/fr\/semer-lexcellence\/#primaryimage","url":"https:\/\/old.fmc-gac.com\/wp\/wp-content\/uploads\/2020\/05\/Semer-lexcellence-horizontal-haut-300x200.png","contentUrl":"https:\/\/old.fmc-gac.com\/wp\/wp-content\/uploads\/2020\/05\/Semer-lexcellence-horizontal-haut-300x200.png"},{"@type":"BreadcrumbList","@id":"https:\/\/old.fmc-gac.com\/fr\/semer-lexcellence\/#breadcrumb","itemListElement":[{"@type":"ListItem","position":1,"name":"Home","item":"https:\/\/old.fmc-gac.com\/fr\/"},{"@type":"ListItem","position":2,"name":"Programme Semer l\u2019excellence \u00e0 l\u2019intention des \u00e9tudiants"}]},{"@type":"WebSite","@id":"https:\/\/old.fmc-gac.com\/#website","url":"https:\/\/old.fmc-gac.com\/","name":"Farm Management Canada","description":"","potentialAction":[{"@type":"SearchAction","target":{"@type":"EntryPoint","urlTemplate":"https:\/\/old.fmc-gac.com\/?s={search_term_string}"},"query-input":{"@type":"PropertyValueSpecification","valueRequired":true,"valueName":"search_term_string"}}],"inLanguage":"fr-FR"}]}},"_links":{"self":[{"href":"https:\/\/old.fmc-gac.com\/fr\/wp-json\/wp\/v2\/pages\/12030\/"}],"collection":[{"href":"https:\/\/old.fmc-gac.com\/fr\/wp-json\/wp\/v2\/pages\/"}],"about":[{"href":"https:\/\/old.fmc-gac.com\/fr\/wp-json\/wp\/v2\/types\/page\/"}],"author":[{"embeddable":true,"href":"https:\/\/old.fmc-gac.com\/fr\/wp-json\/wp\/v2\/users\/6\/"}],"replies":[{"embeddable":true,"href":"https:\/\/old.fmc-gac.com\/fr\/wp-json\/wp\/v2\/comments\/?post=12030"}],"version-history":[{"count":10,"href":"https:\/\/old.fmc-gac.com\/fr\/wp-json\/wp\/v2\/pages\/12030\/revisions\/"}],"predecessor-version":[{"id":12456,"href":"https:\/\/old.fmc-gac.com\/fr\/wp-json\/wp\/v2\/pages\/12030\/revisions\/12456\/"}],"wp:attachment":[{"href":"https:\/\/old.fmc-gac.com\/fr\/wp-json\/wp\/v2\/media\/?parent=12030"}],"curies":[{"name":"wp","href":"https:\/\/api.w.org\/{rel}","templated":true}]}}