{"id":11915,"date":"2020-05-14T16:49:40","date_gmt":"2020-05-14T16:49:40","guid":{"rendered":"https:\/\/old.fmc-gac.com\/nouveau-raport-maintenant-disponible-esprist-sains-fermes-saines\/"},"modified":"2020-08-31T16:52:10","modified_gmt":"2020-08-31T16:52:10","slug":"espritssainsfermessaines","status":"publish","type":"page","link":"https:\/\/old.fmc-gac.com\/fr\/espritssainsfermessaines\/","title":{"rendered":"Nouveau rapport maintenant disponible : Esprits sains, fermes saines"},"content":{"rendered":"[et_pb_section bb_built=\u00a0\u00bb1&Prime;][et_pb_row][et_pb_column type=\u00a0\u00bb4_4&Prime;][et_pb_text _builder_version=\u00a0\u00bb3.19.3&Prime;]\n<p><strong>Gestion agricole du Canada &#8211; Farm Management Canada<\/strong><br \/><strong>613-237-9060<\/strong><br \/><strong>info(\u00e0)old.fmc-gac.com<\/strong><\/p>\n<p style=\"text-align: center;\"><strong>POUR DIFFUSION IMM\u00c9DIATE<\/strong><br \/>Examiner le lien entre la sant\u00e9 mentale et la gestion d\u2019entreprise agricole<br \/><em>Dans un nouveau rapport, 88 % des agriculteurs indiquent que suivre un plan d\u2019affaires \u00e9crit leur avait apport\u00e9 une certaine tranquillit\u00e9 d\u2019esprit.<br \/><\/em><\/p>\n<table style=\"margin-left: auto; margin-right: auto;\">\n<tbody>\n<tr>\n<td style=\"text-align: center;\"><a href=\"https:\/\/old.fmc-gac.com\/wp\/wp-content\/uploads\/2020\/05\/RapportFinal.pdf\"><img loading=\"lazy\" decoding=\"async\" class=\"aligncenter wp-image-11939 \" src=\"https:\/\/old.fmc-gac.com\/wp\/wp-content\/uploads\/2020\/05\/RapportFinal-233x300.png\" alt=\"\" width=\"161\" height=\"207\" srcset=\"https:\/\/old.fmc-gac.com\/wp-content\/uploads\/2020\/05\/RapportFinal-233x300.png 233w, https:\/\/old.fmc-gac.com\/wp-content\/uploads\/2020\/05\/RapportFinal-400x516.png 400w, https:\/\/old.fmc-gac.com\/wp-content\/uploads\/2020\/05\/RapportFinal.png 465w\" sizes=\"(max-width: 161px) 100vw, 161px\" \/><\/a><a href=\"https:\/\/old.fmc-gac.com\/wp\/wp-content\/uploads\/2020\/05\/RapportFinal.pdf\">Consultez le rapport complet<\/a><\/td>\n<td>\n<p style=\"text-align: center;\"><a href=\"https:\/\/old.fmc-gac.com\/wp\/wp-content\/uploads\/2020\/05\/Sommaire.pdf\"><img loading=\"lazy\" decoding=\"async\" class=\"aligncenter wp-image-11951\" src=\"https:\/\/old.fmc-gac.com\/wp\/wp-content\/uploads\/2020\/05\/Sommaire-233x300.png\" alt=\"\" width=\"160\" height=\"206\" srcset=\"https:\/\/old.fmc-gac.com\/wp-content\/uploads\/2020\/05\/Sommaire-233x300.png 233w, https:\/\/old.fmc-gac.com\/wp-content\/uploads\/2020\/05\/Sommaire-400x516.png 400w, https:\/\/old.fmc-gac.com\/wp-content\/uploads\/2020\/05\/Sommaire.png 465w\" sizes=\"(max-width: 160px) 100vw, 160px\" \/><\/a><a href=\"https:\/\/old.fmc-gac.com\/wp\/wp-content\/uploads\/2020\/05\/Sommaire.pdf\">Consultez le sommaire<\/a><\/p>\n<\/td>\n<\/tr>\n<\/tbody>\n<\/table>\n<p><strong>Le mardi 19 mai 2020, Ottawa (Ontario) &#8211;\u00a0<\/strong> Au cours de la derni\u00e8re ann\u00e9e, Gestion agricole du Canada a travaill\u00e9 avec le Wilton Consulting Group dans le cadre d\u2019une recherche novatrice visant \u00e0 explorer le lien entre la sant\u00e9 mentale et la gestion d\u2019entreprise agricole. Les r\u00e9sultats de cette recherche r\u00e9v\u00e8lent une corr\u00e9lation positive entre la sant\u00e9 mentale et la gestion d\u2019entreprise agricole; ils orientent ainsi les recommandations \u00e0 l\u2019appui des activit\u00e9s de gestion d\u2019entreprise agricole qui ont une incidence b\u00e9n\u00e9fique sur la sant\u00e9 mentale des agriculteurs, de m\u00eame que des mesures de soutien en sant\u00e9 mentale qui, \u00e0 leur tour, ont une incidence favorable sur ces activit\u00e9s.<\/p>\n<p>Le stress est une r\u00e9action personnelle et \u00e9motionnelle \u00e0 des facteurs externes, plus pr\u00e9cis\u00e9ment les facteurs de stress. Les agriculteurs ont fait part de plusieurs changements qui s\u2019op\u00e8rent du c\u00f4t\u00e9 du comportement lorsqu\u2019ils sont stress\u00e9s et qu\u2019ils tentent de g\u00e9rer leur stress. La plupart des agriculteurs ont mentionn\u00e9 des m\u00e9canismes d\u2019adaptation ind\u00e9sirables qui peuvent contribuer \u00e0 une mauvaise sant\u00e9 mentale, notamment travailler un plus grand nombre d\u2019heures et perdre du sommeil, \u00e9viter des rassemblements sociaux ou familiaux et perdre en partie la ma\u00eetrise de leurs \u00e9motions. Par ailleurs, certains agriculteurs ont signal\u00e9 une tendance \u00e0 accentuer certains comportements de gestion lorsqu\u2019ils sont stress\u00e9s, comme accorder une plus grande attention \u00e0 l\u2019aspect financier de leurs activit\u00e9s, et \u00e9valuer ou planifier des r\u00e9sultats potentiels.<\/p>\n<p>Le recours \u00e0 des pratiques de gestion d\u2019entreprise peut aider les agriculteurs \u00e0 surmonter des p\u00e9riodes difficiles comme les crises du march\u00e9 ou les mauvaises r\u00e9coltes. Parmi les agriculteurs qui utilisent des plans d\u2019affaires \u00e9crits, 88 % affirment que cela leur a apport\u00e9 une certaine tranquillit\u00e9 d\u2019esprit. Les r\u00e9sultats du projet r\u00e9affirment les constatations tir\u00e9es de recherches r\u00e9centes et mettent de l\u2019avant de nouvelles id\u00e9es sur les fa\u00e7ons dont on peut contribuer \u00e0 la sant\u00e9 mentale des agriculteurs en appuyant la gestion d\u2019entreprise agricole.<\/p>\n<p>Il y a l\u00e0 une occasion de mieux enseigner aux agriculteurs les avantages de la planification d\u2019entreprise en mettant l\u2019accent sur l\u2019att\u00e9nuation des risques. De plus, la constitution d\u2019\u00e9quipes de soutien pour fournir des conseils peut all\u00e9ger une partie du fardeau de la prise de d\u00e9cisions. Lorsque des difficult\u00e9s surviennent, il est rassurant de savoir que l\u2019on peut compter sur une \u00e9quipe de pairs, de membres de la famille et de conseillers ayant \u00e9t\u00e9 appel\u00e9s \u00e0 r\u00e9fl\u00e9chir \u00e0 diff\u00e9rents probl\u00e8mes et aux moyens d\u2019action devant \u00eatre pris pour chacun d\u2019eux. De m\u00eame, si l\u2019on fait mieux conna\u00eetre et que l\u2019on r\u00e9oriente les concepts associ\u00e9s au plan d\u2019affaires agricole et \u00e0 l\u2019\u00e9quipe agricole, l\u2019on peut aider les agriculteurs \u00e0 voir la gestion et la planification d\u2019entreprise comme un moyen de se pr\u00e9parer \u00e0 des p\u00e9riodes d\u2019incertitude et comme un point de r\u00e9f\u00e9rence dans les moments difficiles.<\/p>\n<p>Le rapport se termine par quatre th\u00e8mes qui illustrent comment Gestion agricole du Canada et les intervenants de l\u2019industrie agricole en g\u00e9n\u00e9ral peuvent mieux soutenir la sant\u00e9 mentale des agriculteurs au Canada :<\/p>\n<ol>\n<li>Poursuivre les initiatives de sensibilisation sur l\u2019importance de la sant\u00e9 mentale des agriculteurs.<\/li>\n<li>Soutenir l\u2019\u00e9ducation en sant\u00e9 mentale chez les agriculteurs et ceux qui les appuient.<\/li>\n<li>Proposer des conseils, des outils et de la formation en mati\u00e8re de gestion d\u2019entreprise qui mettent l\u2019accent sur la gestion des risques et la pr\u00e9paration aux situations d\u2019urgence comme moyens de faire face \u00e0 l\u2019incertitude.<\/li>\n<li>Militer en faveur de services de soutien en sant\u00e9 mentale destin\u00e9s sp\u00e9cifiquement aux agriculteurs et voir \u00e0 l\u2019\u00e9largissement de la port\u00e9e de tels services.<\/li>\n<\/ol>\n<p>En tout, 24 recommandations distinctes sont d\u00e9taill\u00e9es dans le rapport. De telles constatations de recherche sont essentielles pour orienter les politiques gouvernementales, l\u2019affectation des ressources, la gestion d\u2019entreprise et les activit\u00e9s des fournisseurs de services en sant\u00e9 mentale, le tout afin d\u2019appuyer la sant\u00e9 des agriculteurs et des entreprises agricoles et, ainsi, un secteur agricole prosp\u00e8re et durable.<\/p>\n<p><strong>M\u00e9thodologie de recherche<\/strong><\/p>\n<p>Le projet a commenc\u00e9 au printemps 2019 par une analyse environnementale qui comprenait une analyse de la litt\u00e9rature de m\u00eame que l\u2019examen des ressources et des programmes existants qui appuient la sant\u00e9 mentale des agriculteurs. Un comit\u00e9 consultatif compos\u00e9 de professionnels interdisciplinaires de l\u2019industrie a \u00e9t\u00e9 form\u00e9 pour orienter la recherche. Le rapport est fond\u00e9 sur une \u00e9tude nationale exhaustive, dont un sondage men\u00e9 aupr\u00e8s de 1 735 agriculteurs, 14 groupes de discussion et 72 entrevues individuelles avec des agriculteurs et des repr\u00e9sentants de l\u2019industrie. Le sondage a \u00e9t\u00e9 r\u00e9alis\u00e9 par le groupe Vision de Financement agricole Canada (FAC) dans le cadre d\u2019un partenariat unique entre l\u2019\u00e9quipe de recherche, Gestion agricole du Canada et FAC. La recherche originale a eu lieu d\u2019octobre 2019 \u00e0 mars 2020.<\/p>\n<p><a href=\"https:\/\/old.fmc-gac.com\/wp\/wp-content\/uploads\/2020\/05\/RapportFinal.pdf\">Consultez le rapport complet<\/a><\/p>\n<p>Citations :<\/p>\n<p><em>\u00ab Notre recherche a r\u00e9v\u00e9l\u00e9 que les pratiques de gestion d\u2019entreprise agricole offrent une occasion importante de g\u00e9rer le stress caus\u00e9 par le travail agricole d\u2019une mani\u00e8re qui contribue \u00e0 une bonne sant\u00e9 mentale. Les pratiques de gestion, bien qu\u2019elles ne puissent pas \u00e9liminer enti\u00e8rement le stress, peuvent jouer un r\u00f4le important dans la diminution du stress et l\u2019adoption de m\u00e9canismes d\u2019adaptation positifs. Notre recherche montre qu\u2019il faut am\u00e9liorer les mesures de soutien et la promotion des pratiques de gestion d\u2019entreprise agricole sur les fermes canadiennes. \u00bb<\/em> \u2013 Heather Watson, directrice g\u00e9n\u00e9rale de Gestion agricole du Canada<\/p>\n<p><em>\u00ab L\u2019agriculture est plus qu\u2019une simple entreprise; il s\u2019agit d\u2019une exp\u00e9rience humaine remplie de passion et de d\u00e9vouement, et qui apporte de la satisfaction. Toutefois, il arrive aussi que la pression et l\u2019anxi\u00e9t\u00e9 li\u00e9es \u00e0 la gestion d\u2019une exploitation agricole ou d\u2019une entreprise du domaine de l\u2019agriculture soient difficiles \u00e0 supporter et qu\u2019elles provoquent un sentiment d\u2019isolement. Nous sommes l\u00e0 pour nous entraider dans les moments difficiles \u2013 c\u2019est l\u00e0 le mode de vie rural. Ensemble, nous pouvons nous employer \u00e0 mieux comprendre les d\u00e9fis qui sont li\u00e9s \u00e0 la sant\u00e9 mentale dans l\u2019industrie agricole et agroalimentaire, de sorte que personne n\u2019ait \u00e0 mener le combat seul. \u00bb<\/em> \u2013 Marty Seymour, directeur, Relations avec l\u2019industrie, Financement agricole Canada<\/p>\n<p><strong>\u00c0 propos de Gestion agricole du Canada<\/strong><\/p>\n<p>Chef de file national en mati\u00e8re d\u2019activit\u00e9s de gestion d\u2019entreprise agricole, Gestion agricole du Canada est le seul organisme qui se consacre exclusivement \u00e0 l\u2019\u00e9laboration et \u00e0 la distribution d\u2019information, de ressources et d\u2019outils sp\u00e9cialis\u00e9s en gestion d\u2019entreprise, le tout pour placer les agriculteurs canadiens sur la voie du succ\u00e8s. Gestion agricole du Canada peut r\u00e9aliser ses activit\u00e9s et programmes gr\u00e2ce au soutien de g\u00e9n\u00e9reux commanditaires et partenaires, notamment le gouvernement, le secteur priv\u00e9, le secteur sans but lucratif et le milieu universitaire.<\/p>\n<p><strong>Pour en savoir plus, veuillez communiquer avec :<\/strong><\/p>\n<p>Mathieu Lipari<br \/>Gestionnaire de programmes<br \/>Gestion agricole du Canada<br \/>Mathieu.Lipari(\u00e0)old.fmc-gac.com<\/p>\n<p>Gestion agricole du Canada tient \u00e0 remercier les partenaires du projet :<\/p>\n<table>\n<tbody>\n<tr>\n<td><a href=\"https:\/\/www.fcc-fac.ca\/\"><img loading=\"lazy\" decoding=\"async\" class=\"alignnone wp-image-11063\" src=\"https:\/\/old.fmc-gac.com\/wp\/wp-content\/uploads\/2019\/11\/FCC-FAC-2019-tab-blue-300x150.jpg\" alt=\"\" width=\"222\" height=\"111\" srcset=\"https:\/\/old.fmc-gac.com\/wp-content\/uploads\/2019\/11\/FCC-FAC-2019-tab-blue-300x150.jpg 300w, https:\/\/old.fmc-gac.com\/wp-content\/uploads\/2019\/11\/FCC-FAC-2019-tab-blue.jpg 744w\" sizes=\"(max-width: 222px) 100vw, 222px\" \/><\/a><\/td>\n<td>\n<h4><a href=\"https:\/\/www.mbbeef.ca\/\" target=\"_blank\" rel=\"noopener\"><img loading=\"lazy\" decoding=\"async\" class=\"aligncenter wp-image-9883 \" src=\"https:\/\/old.fmc-gac.com\/wp\/wp-content\/uploads\/2019\/05\/MBP.png\" alt=\"\" width=\"172\" height=\"158\" \/><\/a><\/h4>\n<\/td>\n<td>\n<h4><a href=\"https:\/\/www.domore.ag\/\" target=\"_blank\" rel=\"noopener\"><img loading=\"lazy\" decoding=\"async\" class=\"aligncenter wp-image-8460 \" src=\"https:\/\/old.fmc-gac.com\/wp\/wp-content\/uploads\/2018\/10\/Do-More-Ag-300x188-1-300x188.png\" alt=\"\" width=\"212\" height=\"133\" \/><\/a><\/h4>\n<\/td>\n<td><a href=\"https:\/\/www.ccga.ca\/\" target=\"_blank\" rel=\"noopener noreferrer\"><img loading=\"lazy\" decoding=\"async\" class=\"wp-image-10693 alignnone size-medium\" src=\"https:\/\/old.fmc-gac.com\/wp\/wp-content\/uploads\/2018\/08\/Canadian-canola.png\" alt=\"\" width=\"300\" height=\"58\" \/><\/a><\/td>\n<\/tr>\n<\/tbody>\n<\/table>\n<table>\n<tbody>\n<tr>\n<td><a href=\"https:\/\/www.kap.ca\/\" target=\"_blank\" rel=\"noopener noreferrer\"><img loading=\"lazy\" decoding=\"async\" class=\"wp-image-10693 alignnone size-medium\" src=\"https:\/\/old.fmc-gac.com\/wp\/wp-content\/uploads\/2019\/08\/KAP-300x58.png\" alt=\"\" width=\"300\" height=\"58\" srcset=\"https:\/\/old.fmc-gac.com\/wp-content\/uploads\/2019\/08\/KAP-300x58.png 300w, https:\/\/old.fmc-gac.com\/wp-content\/uploads\/2019\/08\/KAP-768x148.png 768w, https:\/\/old.fmc-gac.com\/wp-content\/uploads\/2019\/08\/KAP-1024x198.png 1024w, https:\/\/old.fmc-gac.com\/wp-content\/uploads\/2019\/08\/KAP-1080x209.png 1080w\" sizes=\"(max-width: 300px) 100vw, 300px\" \/><\/a><\/td>\n<td>\n<h4><a href=\"https:\/\/seedinnovation.ca\/\" target=\"_blank\" rel=\"noopener\"><img loading=\"lazy\" decoding=\"async\" class=\"aligncenter wp-image-9881 size-medium\" src=\"https:\/\/old.fmc-gac.com\/wp\/wp-content\/uploads\/2019\/05\/CSTA-300x107.png\" alt=\"\" width=\"300\" height=\"107\" srcset=\"https:\/\/old.fmc-gac.com\/wp-content\/uploads\/2019\/05\/CSTA-300x107.png 300w, https:\/\/old.fmc-gac.com\/wp-content\/uploads\/2019\/05\/CSTA.png 609w\" sizes=\"(max-width: 300px) 100vw, 300px\" \/><\/a><\/h4>\n<\/td>\n<td>\n<h4><a href=\"https:\/\/canolagrowers.com\" target=\"_blank\" rel=\"noopener\"><img loading=\"lazy\" decoding=\"async\" class=\"aligncenter wp-image-3255 \" src=\"https:\/\/old.fmc-gac.com\/wp\/wp-content\/uploads\/2016\/10\/GFO_logo_PMS-Final-final.jpg\" alt=\"\" width=\"165\" height=\"165\" srcset=\"https:\/\/old.fmc-gac.com\/wp-content\/uploads\/2016\/10\/GFO_logo_PMS-Final-final.jpg 1263w, https:\/\/old.fmc-gac.com\/wp-content\/uploads\/2016\/10\/GFO_logo_PMS-Final-final-150x150.jpg 150w, https:\/\/old.fmc-gac.com\/wp-content\/uploads\/2016\/10\/GFO_logo_PMS-Final-final-300x300.jpg 300w, https:\/\/old.fmc-gac.com\/wp-content\/uploads\/2016\/10\/GFO_logo_PMS-Final-final-768x768.jpg 768w, https:\/\/old.fmc-gac.com\/wp-content\/uploads\/2016\/10\/GFO_logo_PMS-Final-final-1024x1024.jpg 1024w, https:\/\/old.fmc-gac.com\/wp-content\/uploads\/2016\/10\/GFO_logo_PMS-Final-final-1080x1080.jpg 1080w\" sizes=\"(max-width: 165px) 100vw, 165px\" \/><\/a><\/h4>\n<\/td>\n<td><a href=\"https:\/\/www.ccga.ca\/\" target=\"_blank\" rel=\"noopener noreferrer\"><img loading=\"lazy\" decoding=\"async\" class=\"wp-image-7764 alignnone size-medium\" src=\"https:\/\/old.fmc-gac.com\/wp\/wp-content\/uploads\/2019\/06\/MB-Canola.jpg\" alt=\"\" width=\"300\" height=\"120\" \/><\/a><\/td>\n<\/tr>\n<\/tbody>\n<\/table>\n<p><img loading=\"lazy\" decoding=\"async\" class=\"aligncenter wp-image-11943 \" src=\"https:\/\/old.fmc-gac.com\/wp\/wp-content\/uploads\/2020\/05\/PCA-Canada.png\" alt=\"\" width=\"550\" height=\"161\" srcset=\"https:\/\/old.fmc-gac.com\/wp-content\/uploads\/2020\/05\/PCA-Canada.png 735w, https:\/\/old.fmc-gac.com\/wp-content\/uploads\/2020\/05\/PCA-Canada-300x88.png 300w\" sizes=\"(max-width: 550px) 100vw, 550px\" \/><\/p>\n[\/et_pb_text][\/et_pb_column][\/et_pb_row][\/et_pb_section]\n","protected":false},"excerpt":{"rendered":"<p>[et_pb_section bb_built=\u00a0\u00bb1&Prime;][et_pb_row][et_pb_column type=\u00a0\u00bb4_4&Prime;][et_pb_text _builder_version=\u00a0\u00bb3.19.3&Prime;] Gestion agricole du Canada &#8211; Farm Management Canada613-237-9060info(\u00e0)old.fmc-gac.com POUR DIFFUSION IMM\u00c9DIATEExaminer le lien entre la sant\u00e9 mentale et la gestion d\u2019entreprise agricoleDans un nouveau rapport, 88 % des agriculteurs indiquent que suivre un plan d\u2019affaires \u00e9crit leur avait apport\u00e9 une certaine tranquillit\u00e9 d\u2019esprit. Consultez le rapport complet Consultez le sommaire Le [&hellip;]<\/p>\n","protected":false},"author":6,"featured_media":0,"parent":0,"menu_order":0,"comment_status":"closed","ping_status":"closed","template":"","meta":{"_acf_changed":false,"_et_pb_use_builder":"on","_et_pb_old_content":"","_tribe_blocks_recurrence_rules":"","_tribe_blocks_recurrence_exclusions":"","_tribe_blocks_recurrence_description":"","footnotes":""},"class_list":["post-11915","page","type-page","status-publish","hentry"],"acf":[],"yoast_head":"<!-- This site is optimized with the Yoast SEO plugin v23.8 - https:\/\/yoast.com\/wordpress\/plugins\/seo\/ -->\n<title>Nouveau rapport maintenant disponible : Esprits sains, fermes saines - Farm Management Canada<\/title>\n<meta name=\"robots\" content=\"noindex, follow, max-snippet:-1, max-image-preview:large, max-video-preview:-1\" \/>\n<meta property=\"og:locale\" content=\"fr_FR\" \/>\n<meta property=\"og:type\" content=\"article\" \/>\n<meta property=\"og:title\" content=\"Nouveau rapport maintenant disponible : Esprits sains, fermes saines - Farm Management Canada\" \/>\n<meta property=\"og:description\" content=\"[et_pb_section bb_built=\u00a0\u00bb1&Prime;][et_pb_row][et_pb_column type=\u00a0\u00bb4_4&Prime;][et_pb_text _builder_version=\u00a0\u00bb3.19.3&Prime;] Gestion agricole du Canada &#8211; Farm Management Canada613-237-9060info(\u00e0)old.fmc-gac.com POUR DIFFUSION IMM\u00c9DIATEExaminer le lien entre la sant\u00e9 mentale et la gestion d\u2019entreprise agricoleDans un nouveau rapport, 88 % des agriculteurs indiquent que suivre un plan d\u2019affaires \u00e9crit leur avait apport\u00e9 une certaine tranquillit\u00e9 d\u2019esprit. Consultez le rapport complet Consultez le sommaire Le [&hellip;]\" \/>\n<meta property=\"og:url\" content=\"https:\/\/old.fmc-gac.com\/healthymindshealthyfarms\/\" \/>\n<meta property=\"og:site_name\" content=\"Farm Management Canada\" \/>\n<meta property=\"article:publisher\" content=\"https:\/\/www.facebook.com\/fmc.gac\/\" \/>\n<meta property=\"article:modified_time\" content=\"2020-08-31T16:52:10+00:00\" \/>\n<meta property=\"og:image\" content=\"https:\/\/old.fmc-gac.com\/wp-content\/uploads\/2020\/05\/RapportFinal.png\" \/>\n\t<meta property=\"og:image:width\" content=\"465\" \/>\n\t<meta property=\"og:image:height\" content=\"600\" \/>\n\t<meta property=\"og:image:type\" content=\"image\/png\" \/>\n<meta name=\"twitter:card\" content=\"summary_large_image\" \/>\n<meta name=\"twitter:site\" content=\"@FMC_GAC\" \/>\n<meta name=\"twitter:label1\" content=\"Dur\u00e9e de lecture estim\u00e9e\" \/>\n\t<meta name=\"twitter:data1\" content=\"7 minutes\" \/>\n<script type=\"application\/ld+json\" class=\"yoast-schema-graph\">{\"@context\":\"https:\/\/schema.org\",\"@graph\":[{\"@type\":\"WebPage\",\"@id\":\"https:\/\/old.fmc-gac.com\/healthymindshealthyfarms\/\",\"url\":\"https:\/\/old.fmc-gac.com\/healthymindshealthyfarms\/\",\"name\":\"Nouveau rapport maintenant disponible : Esprits sains, fermes saines - Farm Management Canada\",\"isPartOf\":{\"@id\":\"https:\/\/old.fmc-gac.com\/#website\"},\"primaryImageOfPage\":{\"@id\":\"https:\/\/old.fmc-gac.com\/healthymindshealthyfarms\/#primaryimage\"},\"image\":{\"@id\":\"https:\/\/old.fmc-gac.com\/healthymindshealthyfarms\/#primaryimage\"},\"thumbnailUrl\":\"https:\/\/old.fmc-gac.com\/wp\/wp-content\/uploads\/2020\/05\/RapportFinal-233x300.png\",\"datePublished\":\"2020-05-14T16:49:40+00:00\",\"dateModified\":\"2020-08-31T16:52:10+00:00\",\"breadcrumb\":{\"@id\":\"https:\/\/old.fmc-gac.com\/healthymindshealthyfarms\/#breadcrumb\"},\"inLanguage\":\"fr-FR\",\"potentialAction\":[{\"@type\":\"ReadAction\",\"target\":[\"https:\/\/old.fmc-gac.com\/healthymindshealthyfarms\/\"]}]},{\"@type\":\"ImageObject\",\"inLanguage\":\"fr-FR\",\"@id\":\"https:\/\/old.fmc-gac.com\/healthymindshealthyfarms\/#primaryimage\",\"url\":\"https:\/\/old.fmc-gac.com\/wp\/wp-content\/uploads\/2020\/05\/RapportFinal-233x300.png\",\"contentUrl\":\"https:\/\/old.fmc-gac.com\/wp\/wp-content\/uploads\/2020\/05\/RapportFinal-233x300.png\"},{\"@type\":\"BreadcrumbList\",\"@id\":\"https:\/\/old.fmc-gac.com\/healthymindshealthyfarms\/#breadcrumb\",\"itemListElement\":[{\"@type\":\"ListItem\",\"position\":1,\"name\":\"Home\",\"item\":\"https:\/\/old.fmc-gac.com\/fr\/\"},{\"@type\":\"ListItem\",\"position\":2,\"name\":\"Nouveau rapport maintenant disponible : Esprits sains, fermes saines\"}]},{\"@type\":\"WebSite\",\"@id\":\"https:\/\/old.fmc-gac.com\/#website\",\"url\":\"https:\/\/old.fmc-gac.com\/\",\"name\":\"Farm Management Canada\",\"description\":\"\",\"potentialAction\":[{\"@type\":\"SearchAction\",\"target\":{\"@type\":\"EntryPoint\",\"urlTemplate\":\"https:\/\/old.fmc-gac.com\/?s={search_term_string}\"},\"query-input\":{\"@type\":\"PropertyValueSpecification\",\"valueRequired\":true,\"valueName\":\"search_term_string\"}}],\"inLanguage\":\"fr-FR\"}]}<\/script>\n<!-- \/ Yoast SEO plugin. -->","yoast_head_json":{"title":"Nouveau rapport maintenant disponible : Esprits sains, fermes saines - Farm Management Canada","robots":{"index":"noindex","follow":"follow","max-snippet":"max-snippet:-1","max-image-preview":"max-image-preview:large","max-video-preview":"max-video-preview:-1"},"og_locale":"fr_FR","og_type":"article","og_title":"Nouveau rapport maintenant disponible : Esprits sains, fermes saines - Farm Management Canada","og_description":"[et_pb_section bb_built=\u00a0\u00bb1&Prime;][et_pb_row][et_pb_column type=\u00a0\u00bb4_4&Prime;][et_pb_text _builder_version=\u00a0\u00bb3.19.3&Prime;] Gestion agricole du Canada &#8211; Farm Management Canada613-237-9060info(\u00e0)old.fmc-gac.com POUR DIFFUSION IMM\u00c9DIATEExaminer le lien entre la sant\u00e9 mentale et la gestion d\u2019entreprise agricoleDans un nouveau rapport, 88 % des agriculteurs indiquent que suivre un plan d\u2019affaires \u00e9crit leur avait apport\u00e9 une certaine tranquillit\u00e9 d\u2019esprit. Consultez le rapport complet Consultez le sommaire Le [&hellip;]","og_url":"https:\/\/old.fmc-gac.com\/healthymindshealthyfarms\/","og_site_name":"Farm Management Canada","article_publisher":"https:\/\/www.facebook.com\/fmc.gac\/","article_modified_time":"2020-08-31T16:52:10+00:00","og_image":[{"width":465,"height":600,"url":"https:\/\/old.fmc-gac.com\/wp-content\/uploads\/2020\/05\/RapportFinal.png","type":"image\/png"}],"twitter_card":"summary_large_image","twitter_site":"@FMC_GAC","twitter_misc":{"Dur\u00e9e de lecture estim\u00e9e":"7 minutes"},"schema":{"@context":"https:\/\/schema.org","@graph":[{"@type":"WebPage","@id":"https:\/\/old.fmc-gac.com\/healthymindshealthyfarms\/","url":"https:\/\/old.fmc-gac.com\/healthymindshealthyfarms\/","name":"Nouveau rapport maintenant disponible : Esprits sains, fermes saines - Farm Management Canada","isPartOf":{"@id":"https:\/\/old.fmc-gac.com\/#website"},"primaryImageOfPage":{"@id":"https:\/\/old.fmc-gac.com\/healthymindshealthyfarms\/#primaryimage"},"image":{"@id":"https:\/\/old.fmc-gac.com\/healthymindshealthyfarms\/#primaryimage"},"thumbnailUrl":"https:\/\/old.fmc-gac.com\/wp\/wp-content\/uploads\/2020\/05\/RapportFinal-233x300.png","datePublished":"2020-05-14T16:49:40+00:00","dateModified":"2020-08-31T16:52:10+00:00","breadcrumb":{"@id":"https:\/\/old.fmc-gac.com\/healthymindshealthyfarms\/#breadcrumb"},"inLanguage":"fr-FR","potentialAction":[{"@type":"ReadAction","target":["https:\/\/old.fmc-gac.com\/healthymindshealthyfarms\/"]}]},{"@type":"ImageObject","inLanguage":"fr-FR","@id":"https:\/\/old.fmc-gac.com\/healthymindshealthyfarms\/#primaryimage","url":"https:\/\/old.fmc-gac.com\/wp\/wp-content\/uploads\/2020\/05\/RapportFinal-233x300.png","contentUrl":"https:\/\/old.fmc-gac.com\/wp\/wp-content\/uploads\/2020\/05\/RapportFinal-233x300.png"},{"@type":"BreadcrumbList","@id":"https:\/\/old.fmc-gac.com\/healthymindshealthyfarms\/#breadcrumb","itemListElement":[{"@type":"ListItem","position":1,"name":"Home","item":"https:\/\/old.fmc-gac.com\/fr\/"},{"@type":"ListItem","position":2,"name":"Nouveau rapport maintenant disponible : Esprits sains, fermes saines"}]},{"@type":"WebSite","@id":"https:\/\/old.fmc-gac.com\/#website","url":"https:\/\/old.fmc-gac.com\/","name":"Farm Management Canada","description":"","potentialAction":[{"@type":"SearchAction","target":{"@type":"EntryPoint","urlTemplate":"https:\/\/old.fmc-gac.com\/?s={search_term_string}"},"query-input":{"@type":"PropertyValueSpecification","valueRequired":true,"valueName":"search_term_string"}}],"inLanguage":"fr-FR"}]}},"_links":{"self":[{"href":"https:\/\/old.fmc-gac.com\/fr\/wp-json\/wp\/v2\/pages\/11915\/"}],"collection":[{"href":"https:\/\/old.fmc-gac.com\/fr\/wp-json\/wp\/v2\/pages\/"}],"about":[{"href":"https:\/\/old.fmc-gac.com\/fr\/wp-json\/wp\/v2\/types\/page\/"}],"author":[{"embeddable":true,"href":"https:\/\/old.fmc-gac.com\/fr\/wp-json\/wp\/v2\/users\/6\/"}],"replies":[{"embeddable":true,"href":"https:\/\/old.fmc-gac.com\/fr\/wp-json\/wp\/v2\/comments\/?post=11915"}],"version-history":[{"count":16,"href":"https:\/\/old.fmc-gac.com\/fr\/wp-json\/wp\/v2\/pages\/11915\/revisions\/"}],"predecessor-version":[{"id":12757,"href":"https:\/\/old.fmc-gac.com\/fr\/wp-json\/wp\/v2\/pages\/11915\/revisions\/12757\/"}],"wp:attachment":[{"href":"https:\/\/old.fmc-gac.com\/fr\/wp-json\/wp\/v2\/media\/?parent=11915"}],"curies":[{"name":"wp","href":"https:\/\/api.w.org\/{rel}","templated":true}]}}